{"id":494,"date":"2018-12-17T22:14:47","date_gmt":"2018-12-18T03:14:47","guid":{"rendered":"http:\/\/portagewp.mushudesign.com\/?page_id=494"},"modified":"2025-11-26T15:00:26","modified_gmt":"2025-11-26T20:00:26","slug":"home-1","status":"publish","type":"page","link":"https:\/\/www.placeduportage.ca\/fr\/","title":{"rendered":"Accueil"},"content":{"rendered":"<div class=\"wpb-content-wrapper\"><p>[vc_row full_width=\u00a0\u00bbstretch_row\u00a0\u00bb css_animation=\u00a0\u00bbnone\u00a0\u00bb inverse=\u00a0\u00bb\u00a0\u00bb css=\u00a0\u00bb.vc_custom_1526229130408{background: #efeeed url(https:\/\/www.placeduportage.ca\/wp-content\/uploads\/2018\/03\/Depositphotos_73868903_original.jpg?id=14) !important;}\u00a0\u00bb][vc_column css_animation=\u00a0\u00bbnone\u00a0\u00bb]<div class=\"columns_wrap sc_columns columns_nofluid sc_columns_count_4 margin_top_large margin_bottom_large\"><div class=\"column-1_4 sc_column_item sc_column_item_1 odd first\"><div class=\"sc_section section_style_bordered aligncenter\" style=\"background-image:url(http:\/\/767);background-repeat:no-repeat;background-size:cover;\"><div class=\"sc_section_inner\"><div class=\"sc_section_overlay\" style=\"\"><div class=\"sc_section_content padding_on\" style=\"\"><div class=\"sc_section_content_wrap\"><h5 class=\"sc_title sc_title_regular sc_align_center margin_top_null margin_bottom_null\" style=\"text-align:center;color:#ffffff;font-size:1.1em;\"><a href=\"https:\/\/www.placeduportage.ca\/fr\/informations-generales\/histoire\/portage-1-2\/\">Portage I &amp; II<\/a><\/h5><\/div><\/div><\/div><\/div><\/div><\/div><div class=\"column-1_4 sc_column_item sc_column_item_2 even\"><div class=\"sc_section section_style_bordered aligncenter\" style=\"background-image:url(http:\/\/768);background-repeat:no-repeat;background-size:cover;\"><div class=\"sc_section_inner\"><div class=\"sc_section_overlay\" style=\"\"><div class=\"sc_section_content padding_on\" style=\"\"><div class=\"sc_section_content_wrap\"><h5 class=\"sc_title sc_title_regular sc_align_center margin_top_null margin_bottom_null\" style=\"text-align:center;font-size:1.1em;\"><a href=\"https:\/\/www.placeduportage.ca\/fr\/informations-generales\/histoire\/portage-3\/\">Portage III<\/a><\/h5><\/div><\/div><\/div><\/div><\/div><\/div><div class=\"column-1_4 sc_column_item sc_column_item_3 odd\"><div class=\"sc_section section_style_bordered aligncenter\" style=\"background-image:url(http:\/\/769);background-repeat:no-repeat;background-size:cover;\"><div class=\"sc_section_inner\"><div class=\"sc_section_overlay\" style=\"\"><div class=\"sc_section_content padding_on\" style=\"\"><div class=\"sc_section_content_wrap\"><h5 class=\"sc_title sc_title_regular sc_align_center margin_top_null margin_bottom_null\" style=\"text-align:center;font-size:1.1em;\"><a href=\"https:\/\/www.placeduportage.ca\/fr\/informations-generales\/histoire\/portage-4\/\">Portage IV<\/a><\/h5><\/div><\/div><\/div><\/div><\/div><\/div><div class=\"column-1_4 sc_column_item sc_column_item_4 even\"><div class=\"sc_section less-padding  section_style_bordered aligncenter\" style=\"background-image:url(http:\/\/769);background-repeat:no-repeat;background-size:cover;\"><div class=\"sc_section_inner\"><div class=\"sc_section_overlay\" style=\"\"><div class=\"sc_section_content padding_on\" style=\"\"><div class=\"sc_section_content_wrap\"><h5 class=\"sc_title sc_title_regular sc_align_center margin_top_null margin_bottom_null\" style=\"text-align:center;font-size:1.1em;\"><a href=\"https:\/\/www.placeduportage.ca\/fr\/informations-generales\/histoire\/tour-federale-de-place-du-centre\/\">Place du centre<\/a><\/h5><\/div><\/div><\/div><\/div><\/div><\/div><\/div>[\/vc_column][\/vc_row][vc_row full_width=\u00a0\u00bbstretch_row\u00a0\u00bb css_animation=\u00a0\u00bbnone\u00a0\u00bb inverse=\u00a0\u00bb\u00a0\u00bb css=\u00a0\u00bb.vc_custom_1521923694927{margin-top: 0px !important;margin-bottom: 0px !important;background-color: #ffffff !important;}\u00a0\u00bb][vc_column css_animation=\u00a0\u00bbfadeInUp\u00a0\u00bb]<div id=\"sc_call_to_action_702016272\" class=\"sc_call_to_action sc_call_to_action_style_2 sc_call_to_action_align_left smaller-font-size margin_top_huge margin_bottom_large\" style=\"width:100%;\"><div class=\"columns_wrap\"><div class=\"sc_call_to_action_info column-3_4\"><h6 class=\"sc_call_to_action_subtitle sc_item_subtitle\">bienvenue<\/h6><h3 class=\"sc_call_to_action_title sc_item_title\">Le gouvernement f\u00e9d\u00e9ral du Canada a d\u00e9but\u00e9 la construction du complexe Place du Portage en 1970 dans un effort pour promouvoir une repr\u00e9sentation proportionnelle de ses effectifs dans toute la r\u00e9gion de la capitale nationale.<\/h3><\/div><div class=\"sc_call_to_action_buttons sc_item_buttons column-1_4\"><div class=\"sc_call_to_action_button sc_item_button\"><a href=\"https:\/\/www.placeduportage.ca\/fr\/informations-generales\/histoire\/\" class=\"sc_button sc_button_square sc_button_style_filled sc_button_size_small\">Voir plus<\/a><\/div><\/div><\/div><\/div>[\/vc_column][\/vc_row][vc_row full_width=\u00a0\u00bbstretch_row\u00a0\u00bb content_placement=\u00a0\u00bbmiddle\u00a0\u00bb css_animation=\u00a0\u00bbfadeInUp\u00a0\u00bb scheme=\u00a0\u00bbcustom_oneup\u00a0\u00bb inverse=\u00a0\u00bb\u00a0\u00bb css=\u00a0\u00bb.vc_custom_1531289282701{padding-top: 60px !important;padding-bottom: 60px !important;background: #61afaa url(https:\/\/www.placeduportage.ca\/wp-content\/uploads\/2018\/05\/section-promotional-event.jpg?id=140) !important;background-position: center !important;background-repeat: no-repeat !important;background-size: cover !important;}\u00a0\u00bb el_class=\u00a0\u00bbicon-text-split background-color-overlay\u00a0\u00bb][vc_column css_animation=\u00a0\u00bbfadeInUp\u00a0\u00bb width=\u00a0\u00bb1\/4&Prime;][vc_icon type=\u00a0\u00bblinecons\u00a0\u00bb icon_linecons=\u00a0\u00bbvc_li vc_li-calendar\u00a0\u00bb color=\u00a0\u00bbwhite\u00a0\u00bb][\/vc_column][vc_column css_animation=\u00a0\u00bbfadeInUp\u00a0\u00bb width=\u00a0\u00bb3\/4&Prime;]<div id=\"sc_call_to_action_591820015\" class=\"sc_call_to_action sc_call_to_action_style_1 sc_call_to_action_align_left smaller-font-size margin_top_huge margin_bottom_large\" style=\"width:100%;\"><div class=\"sc_call_to_action_info\"><h6 class=\"sc_call_to_action_subtitle sc_item_subtitle\">\u00c9v\u00e9nements promotionnels<\/h6><h3 class=\"sc_call_to_action_title sc_item_title\">Tous nos \u00e9v\u00e9nements.<\/h3><div class=\"sc_call_to_action_buttons sc_item_buttons\"><div class=\"sc_call_to_action_button sc_item_button\"><a href=\"https:\/\/www.placeduportage.ca\/fr\/promotional-events\/\" class=\"sc_button sc_button_square sc_button_style_filled sc_button_size_small\">Voir plus<\/a><\/div><\/div><\/div><\/div>[\/vc_column][\/vc_row][vc_row][vc_column][\/vc_column][\/vc_row]<\/p>\n<\/div>","protected":false},"excerpt":{"rendered":"<p>[vc_row full_width=\u00a0\u00bbstretch_row\u00a0\u00bb css_animation=\u00a0\u00bbnone\u00a0\u00bb inverse=\u00a0\u00bb\u00a0\u00bb css=\u00a0\u00bb.vc_custom_1526229130408{background: #efeeed url(https:\/\/www.placeduportage.ca\/wp-content\/uploads\/2018\/03\/Depositphotos_73868903_original.jpg?id=14) !important;}\u00a0\u00bb][vc_column css_animation=\u00a0\u00bbnone\u00a0\u00bb][\/vc_column][\/vc_row][vc_row full_width=\u00a0\u00bbstretch_row\u00a0\u00bb css_animation=\u00a0\u00bbnone\u00a0\u00bb inverse=\u00a0\u00bb\u00a0\u00bb css=\u00a0\u00bb.vc_custom_1521923694927{margin-top: 0px !important;margin-bottom: 0px !important;background-color: #ffffff !important;}\u00a0\u00bb][vc_column css_animation=\u00a0\u00bbfadeInUp\u00a0\u00bb][\/vc_column][\/vc_row][vc_row full_width=\u00a0\u00bbstretch_row\u00a0\u00bb content_placement=\u00a0\u00bbmiddle\u00a0\u00bb css_animation=\u00a0\u00bbfadeInUp\u00a0\u00bb scheme=\u00a0\u00bbcustom_oneup\u00a0\u00bb inverse=\u00a0\u00bb\u00a0\u00bb css=\u00a0\u00bb.vc_custom_1531289282701{padding-top: 60px !important;padding-bottom: 60px !important;background: #61afaa url(https:\/\/www.placeduportage.ca\/wp-content\/uploads\/2018\/05\/section-promotional-event.jpg?id=140) !important;background-position: center !important;background-repeat: no-repeat !important;background-size: cover !important;}\u00a0\u00bb el_class=\u00a0\u00bbicon-text-split background-color-overlay\u00a0\u00bb][vc_column css_animation=\u00a0\u00bbfadeInUp\u00a0\u00bb width=\u00a0\u00bb1\/4&Prime;][vc_icon type=\u00a0\u00bblinecons\u00a0\u00bb icon_linecons=\u00a0\u00bbvc_li vc_li-calendar\u00a0\u00bb color=\u00a0\u00bbwhite\u00a0\u00bb][\/vc_column][vc_column css_animation=\u00a0\u00bbfadeInUp\u00a0\u00bb width=\u00a0\u00bb3\/4&Prime;][\/vc_column][\/vc_row][vc_row][vc_column][\/vc_column][\/vc_row]<\/p>\n","protected":false},"author":1,"featured_media":0,"parent":0,"menu_order":0,"comment_status":"closed","ping_status":"closed","template":"","meta":{"footnotes":""},"_links":{"self":[{"href":"https:\/\/www.placeduportage.ca\/fr\/wp-json\/wp\/v2\/pages\/494"}],"collection":[{"href":"https:\/\/www.placeduportage.ca\/fr\/wp-json\/wp\/v2\/pages"}],"about":[{"href":"https:\/\/www.placeduportage.ca\/fr\/wp-json\/wp\/v2\/types\/page"}],"author":[{"embeddable":true,"href":"https:\/\/www.placeduportage.ca\/fr\/wp-json\/wp\/v2\/users\/1"}],"replies":[{"embeddable":true,"href":"https:\/\/www.placeduportage.ca\/fr\/wp-json\/wp\/v2\/comments?post=494"}],"version-history":[{"count":14,"href":"https:\/\/www.placeduportage.ca\/fr\/wp-json\/wp\/v2\/pages\/494\/revisions"}],"predecessor-version":[{"id":794,"href":"https:\/\/www.placeduportage.ca\/fr\/wp-json\/wp\/v2\/pages\/494\/revisions\/794"}],"wp:attachment":[{"href":"https:\/\/www.placeduportage.ca\/fr\/wp-json\/wp\/v2\/media?parent=494"}],"curies":[{"name":"wp","href":"https:\/\/api.w.org\/{rel}","templated":true}]}}