{"id":499,"date":"2018-12-17T22:23:19","date_gmt":"2018-12-18T03:23:19","guid":{"rendered":"http:\/\/portagewp.mushudesign.com\/?page_id=499"},"modified":"2025-11-26T14:43:31","modified_gmt":"2025-11-26T19:43:31","slug":"location","status":"publish","type":"page","link":"https:\/\/www.placeduportage.ca\/fr\/location\/","title":{"rendered":"Location"},"content":{"rendered":"<div class=\"wpb-content-wrapper\"><p>[vc_row css=\u00a0\u00bb.vc_custom_1544322885689{padding-bottom: 35px !important;}\u00a0\u00bb][vc_column][vc_column_text]<\/p>\n<h1>Location<\/h1>\n<h2>Kiosques temporaires, \u00e9talages commerciaux, salons et expositions en magasin et magasins permanents<\/h2>\n<p style=\"font-weight: 400;\">Nous vous remercions de l&rsquo;int\u00e9r\u00eat que vous portez au programme de location d&#8217;emplacements pour commerces sp\u00e9cialis\u00e9s \u00e0 <strong>Place du Portage<\/strong>.<\/p>\n<p style=\"font-weight: 400;\">La documentation ci-jointe r\u00e9pondra \u00e0 plusieurs de vos questions au sujet de notre programme de location d&#8217;emplacements pour commerces sp\u00e9cialis\u00e9s \u00e0\u00a0<strong>Place du Portage<\/strong>.\u00a0Que vous souhaitez lancer une petite entreprise,\u00a0agrandir une entreprise existante et attirer de nouveaux clients ou t\u00e2ter le terrain en vue de devenir locataire permanent, ce programme vous offre plusieurs options int\u00e9ressantes.<\/p>\n<p style=\"font-weight: 400;\">Vous venez de lancer votre entreprise ou vous \u00eates un petit d\u00e9taillant \u00e0 la recherche d\u2019une plus grande visibilit\u00e9? La location d\u2019un chariot de d\u00e9tail, d&rsquo;un kiosque temporaire, d&rsquo;un \u00e9talage commercial, d&rsquo;un salon ou d&rsquo;une exposition en magasin ou d&rsquo;un magasin permanent peut s\u2019av\u00e9rer une excellente solution pour vous.<\/p>\n<p>[\/vc_column_text][\/vc_column][\/vc_row][vc_row css=\u00a0\u00bb.vc_custom_1544321177858{margin-bottom: 10px !important;}\u00a0\u00bb][vc_column width=\u00a0\u00bb2\/3&Prime;][vc_column_text]<\/p>\n<h4>Pour de plus amples informations sur la location de kiosques temporaires, veuillez contacter :<\/h4>\n<p>[\/vc_column_text][\/vc_column][vc_column width=\u00a0\u00bb1\/3&Prime;][\/vc_column][\/vc_row][vc_row css=\u00a0\u00bb.vc_custom_1544322588309{margin-bottom: 35px !important;}\u00a0\u00bb][vc_column width=\u00a0\u00bb1\/3&Prime;][vc_column_text]<strong>BGIS<\/strong><br \/>\nPlace du Portage, Phase IV<br \/>\n9 Rue Laurier, suite 01-156<br \/>\nGatineau, Qu\u00e9bec J8X 3X5<br \/>\n<span data-teams=\"true\"><strong>Mateo Bramwell Rousseau, Leasing Coordinator, Broker<\/strong><br \/>\nBGIS Global Integrated Solutions Realty, Brokerage<br \/>\n438-282-7692<br \/>\n<a id=\"menur3l8\" class=\"fui-Link ___1q1shib f2hkw1w f3rmtva f1ewtqcl fyind8e f1k6fduh f1w7gpdv fk6fouc fjoy568 figsok6 f1s184ao f1mk8lai fnbmjn9 f1o700av f13mvf36 f1cmlufx f9n3di6 f1ids18y f1tx3yz7 f1deo86v f1eh06m1 f1iescvh fhgqx19 f1olyrje f1p93eir f1nev41a f1h8hb77 f1lqvz6u f10aw75t fsle3fq f17ae5zn\" title=\"mailto:matt.bramwell@bgis.com\" href=\"mailto:matt.bramwell@bgis.com\" target=\"_blank\" rel=\"noreferrer noopener\" aria-label=\"Link matt.bramwell@bgis.com\">matt.bramwell@bgis.com<\/a><\/span><\/p>\n<h2>Information sur les kiosques temporaires<\/h2>\n<p>[\/vc_column_text][vc_column_text]<strong>Espace de kiosque :<\/strong>\u00a010 X 10 pi.<br \/>\n<strong>\u00c9lectricit\u00e9 et t\u00e9l\u00e9phone :<\/strong> L\u2019\u00e9lectricit\u00e9 est fournie. Maximum de 300 watts par prise de courant. Aucune ligne t\u00e9l\u00e9phonique n\u2019est disponible. L\u2019utilisation de t\u00e9l\u00e9phones cellulaires est recommand\u00e9e.<br \/>\n<strong>Assurance requise :<\/strong> Assurance g\u00e9n\u00e9rale de responsabilit\u00e9 commerciale \u2013 protection de 2\u202f000\u202f000\u202f$ avec comme assur\u00e9 additionnel Sa Majest\u00e9 la Reine du Chef du Canada.<br \/>\n<strong>Dur\u00e9e de location :<\/strong> Location \u00e0 la journ\u00e9e, au moins une (1) journ\u00e9e et au plus six (6)\u202fmois.<br \/>\n<strong>Taux de location :<\/strong>\u00a0125,00 $\/jour plus TPS et TVQ[\/vc_column_text][\/vc_column][\/vc_row][vc_row full_width=\u00a0\u00bbstretch_row\u00a0\u00bb inverse=\u00a0\u00bb\u00a0\u00bb css=\u00a0\u00bb.vc_custom_1531289532634{padding-top: 60px !important;padding-bottom: 60px !important;background-position: center !important;background-repeat: no-repeat !important;background-size: cover !important;}\u00a0\u00bb el_class=\u00a0\u00bbbackground-color-overlay\u00a0\u00bb][vc_column][vc_column_text]<\/p>\n<h2 style=\"text-align: center;\">Information sur les magasins permanents :<\/h2>\n<p>[\/vc_column_text][vc_column_text css=\u00a0\u00bb.vc_custom_1544323118598{margin-bottom: 0px !important;}\u00a0\u00bb]<\/p>\n<p style=\"text-align: center;\">Pour la disponibilit\u00e9 et les tarifs, svp vous r\u00e9f\u00e9rer aux d\u00e9pliants ci-joints.<\/p>\n<p>[\/vc_column_text][vc_column_text el_class=\u00a0\u00bbflex-link-list margin-vert-55&Prime; css=\u00a0\u00bb.vc_custom_1695139068068{margin-top: 55px !important;margin-bottom: 55px !important;}\u00a0\u00bb][\/vc_column_text][vc_column_text]SVP prendre note : Pr\u00e9sentement, il y a uniquement de la disponibilit\u00e9 \u00e0 Place du Portage, Phase IV pour location.\u00a0Si vous d\u00e9sirez davantage d&rsquo;opportunit\u00e9s de location dans la r\u00e9gion de la Capitale Nationale, svp\u00a0<a href=\"https:\/\/www.placeduportage.ca\/contact-us\/\">contactez-nous<\/a> directement et nous tenterons de vous accommoder.[\/vc_column_text][\/vc_column][\/vc_row][vc_row][vc_column][vc_column_text]<\/p>\n<p style=\"font-weight: 400;\"><img loading=\"lazy\" decoding=\"async\" class=\"alignleft wp-image-477 size-full\" src=\"https:\/\/www.placeduportage.ca\/wp-content\/uploads\/2018\/12\/gcwcc-logo-website-header_0813.png\" alt=\"G.C.W.C.C.C.C.M.T.G.C.\" width=\"100\" height=\"89\" \/>La Campagne de charit\u00e9 en milieu de travail du gouvernement du Canada (CCMTGC) est un m\u00e9canisme de dons de bienfaisance con\u00e7u exclusivement pour les employ\u00e9s et les retrait\u00e9s f\u00e9d\u00e9raux. La CCMTGC annuelle se d\u00e9roule dans tous les bureaux f\u00e9d\u00e9ral du pays \u00e0 l\u2019automne (de septembre \u00e0 d\u00e9cembre). Au cours de l&rsquo;ann\u00e9e, des foires artisanales mensuelles sont organis\u00e9es. Venez vendre et promouvoir votre entreprise tout en recueillant des fonds indispensables pour des centaines\u00a0<span lang=\"fr\">d&rsquo;organismes de bienfaisance au Canada.<\/span><\/p>\n<p style=\"font-weight: 400;\">Pour plus d&rsquo;information au sujet de la CCMTGC, visitez leur site internet\u00a0<a href=\"https:\/\/www.gcwcc-ccmtgc.org\/en\/home\">www.gcwcc-ccmtgc.org<\/a><\/p>\n<p style=\"font-weight: 400;\">Pour plus d&rsquo;information sur comment participer,\u00a0<a href=\"https:\/\/www.placeduportage.ca\/contact-us\/\">contactez-nous<\/a>, ou visitez notre\u00a0<a href=\"https:\/\/www.placeduportage.ca\/promotional-events\/\">calendrier<\/a>\u00a0afin de voir les prochaines foires artisanales.<\/p>\n<p>[\/vc_column_text][\/vc_column][\/vc_row][vc_row el_class=\u00a0\u00bbfake-row-only-to-load-fontawesome\u00a0\u00bb][vc_column][vc_btn title=\u00a0\u00bbLOAD FONTAWESOME\u00a0\u00bb add_icon=\u00a0\u00bbtrue\u00a0\u00bb link=\u00a0\u00bburl:%23|title:LOAD%20FONTAWESOME||\u00a0\u00bb][\/vc_column][\/vc_row]<\/p>\n<\/div>","protected":false},"excerpt":{"rendered":"<p>[vc_row css=\u00a0\u00bb.vc_custom_1544322885689{padding-bottom: 35px !important;}\u00a0\u00bb][vc_column][vc_column_text] Location Kiosques temporaires, \u00e9talages commerciaux, salons et expositions en magasin et magasins permanents Nous vous remercions de l&rsquo;int\u00e9r\u00eat que vous portez au programme de location d&#8217;emplacements pour commerces sp\u00e9cialis\u00e9s \u00e0 Place du Portage. La documentation ci-jointe r\u00e9pondra \u00e0 plusieurs de vos questions au sujet de notre programme de location d&#8217;emplacements pour [&hellip;]<\/p>\n","protected":false},"author":1,"featured_media":0,"parent":0,"menu_order":0,"comment_status":"closed","ping_status":"closed","template":"","meta":{"footnotes":""},"_links":{"self":[{"href":"https:\/\/www.placeduportage.ca\/fr\/wp-json\/wp\/v2\/pages\/499"}],"collection":[{"href":"https:\/\/www.placeduportage.ca\/fr\/wp-json\/wp\/v2\/pages"}],"about":[{"href":"https:\/\/www.placeduportage.ca\/fr\/wp-json\/wp\/v2\/types\/page"}],"author":[{"embeddable":true,"href":"https:\/\/www.placeduportage.ca\/fr\/wp-json\/wp\/v2\/users\/1"}],"replies":[{"embeddable":true,"href":"https:\/\/www.placeduportage.ca\/fr\/wp-json\/wp\/v2\/comments?post=499"}],"version-history":[{"count":21,"href":"https:\/\/www.placeduportage.ca\/fr\/wp-json\/wp\/v2\/pages\/499\/revisions"}],"predecessor-version":[{"id":502,"href":"https:\/\/www.placeduportage.ca\/fr\/wp-json\/wp\/v2\/pages\/499\/revisions\/502"}],"wp:attachment":[{"href":"https:\/\/www.placeduportage.ca\/fr\/wp-json\/wp\/v2\/media?parent=499"}],"curies":[{"name":"wp","href":"https:\/\/api.w.org\/{rel}","templated":true}]}}