{"id":557,"date":"2018-12-18T23:12:29","date_gmt":"2018-12-19T04:12:29","guid":{"rendered":"http:\/\/portagewp.mushudesign.com\/?page_id=557"},"modified":"2019-03-03T20:45:49","modified_gmt":"2019-03-04T01:45:49","slug":"foires-des-marchands","status":"publish","type":"page","link":"https:\/\/www.placeduportage.ca\/fr\/informations-generales\/foires-des-marchands\/","title":{"rendered":"Foires des marchands"},"content":{"rendered":"<h2>Employ\u00e9s de Place du Portage<\/h2>\n<p>Venez appuyer des entreprises et organismes de bienfaisance de la r\u00e9gion en magasinant aux foires mensuelles. Vous y trouverez diff\u00e9rents articles, notamment des bijoux, des produits de sant\u00e9 et de beaut\u00e9, des v\u00eatements, des fournisseurs de services, de la nourriture, et bien plus encore. Il y a constamment de nouveaux vendeurs qui se joignent aux foires, venez y faire un tour souvent. Les foires d\u00e9butent le premier jour de paie de chaque mois et durent deux jours. Vous trouverez les vendeurs dans le hall d\u2019entr\u00e9e de la Place du Portage, phase III, tour\u00a0C. Bon magasinage!<\/p>\n<h2>Vendeurs<\/h2>\n<p>Tous les mois, Services publics et Approvisionnement Canada, avec l\u2019aide de BGIS, organise une foire pour soutenir la Campagne de charit\u00e9 en milieu de travail du gouvernement du Canada. Cette importante campagne de financement permet d\u2019amasser des fonds pour Partenaire Sant\u00e9 et la section locale de Centraide.<\/p>\n<p>Les foires se tiennent dans le hall d\u2019entr\u00e9e de la Place du Portage, phase III, tour\u00a0C (11, rue Laurier, \u00e0 Gatineau), mais les organisateurs pourraient \u00e9galement en organiser dans d\u2019autres \u00e9difices du gouvernement f\u00e9d\u00e9ral.<\/p>\n<p>Les vendeurs doivent avoir une assurance responsabilit\u00e9 civile g\u00e9n\u00e9rale d\u2019au moins deux millions de dollars (2\u00a0000\u00a0000,00\u00a0$).<\/p>\n<p>Si vous souhaitez participer \u00e0 ces foires, veuillez communiquer avec les organisateurs \u00e0\u00a0<a href=\"mailto:CCE.ECC@tpsgc-pwgsc.gc.ca\">CCE.ECC@tpsgc-pwgsc.gc.ca<\/a>. Ils vous ajouteront \u00e0 la liste de distribution et vous transmettront les dates et les co\u00fbts des foires. Les foires se tiennent tous les mois, sauf en janvier, en juillet et en ao\u00fbt. Elles durent g\u00e9n\u00e9ralement deux jours (toujours les mercredis et jeudis) et commencent le premier jour de paie du mois pour les employ\u00e9s du gouvernement f\u00e9d\u00e9ral.<\/p>\n","protected":false},"excerpt":{"rendered":"<p>Employ\u00e9s de Place du Portage Venez appuyer des entreprises et organismes de bienfaisance de la r\u00e9gion en magasinant aux foires mensuelles. Vous y trouverez diff\u00e9rents articles, notamment des bijoux, des produits de sant\u00e9 et de beaut\u00e9, des v\u00eatements, des fournisseurs de services, de la nourriture, et bien plus encore. Il y a constamment de nouveaux [&hellip;]<\/p>\n","protected":false},"author":1,"featured_media":0,"parent":519,"menu_order":0,"comment_status":"closed","ping_status":"closed","template":"","meta":{"footnotes":""},"_links":{"self":[{"href":"https:\/\/www.placeduportage.ca\/fr\/wp-json\/wp\/v2\/pages\/557"}],"collection":[{"href":"https:\/\/www.placeduportage.ca\/fr\/wp-json\/wp\/v2\/pages"}],"about":[{"href":"https:\/\/www.placeduportage.ca\/fr\/wp-json\/wp\/v2\/types\/page"}],"author":[{"embeddable":true,"href":"https:\/\/www.placeduportage.ca\/fr\/wp-json\/wp\/v2\/users\/1"}],"replies":[{"embeddable":true,"href":"https:\/\/www.placeduportage.ca\/fr\/wp-json\/wp\/v2\/comments?post=557"}],"version-history":[{"count":4,"href":"https:\/\/www.placeduportage.ca\/fr\/wp-json\/wp\/v2\/pages\/557\/revisions"}],"predecessor-version":[{"id":636,"href":"https:\/\/www.placeduportage.ca\/fr\/wp-json\/wp\/v2\/pages\/557\/revisions\/636"}],"up":[{"embeddable":true,"href":"https:\/\/www.placeduportage.ca\/fr\/wp-json\/wp\/v2\/pages\/519"}],"wp:attachment":[{"href":"https:\/\/www.placeduportage.ca\/fr\/wp-json\/wp\/v2\/media?parent=557"}],"curies":[{"name":"wp","href":"https:\/\/api.w.org\/{rel}","templated":true}]}}