{"id":564,"date":"2018-12-18T23:15:30","date_gmt":"2018-12-19T04:15:30","guid":{"rendered":"http:\/\/portagewp.mushudesign.com\/?page_id=564"},"modified":"2018-12-18T23:15:30","modified_gmt":"2018-12-19T04:15:30","slug":"horaire","status":"publish","type":"page","link":"https:\/\/www.placeduportage.ca\/fr\/informations-generales\/horaire\/","title":{"rendered":"Horaire"},"content":{"rendered":"<h2>Heures d&rsquo;ouverture<\/h2>\n<p>Lundi au vendredi: 6h00 \u00e0 18h00<br \/>\nSamedi: 8h00 \u00e0 16h00 (Commer\u00e7ants)<br \/>\nDimanche: Ferm\u00e9<\/p>\n","protected":false},"excerpt":{"rendered":"<p>Heures d&rsquo;ouverture Lundi au vendredi: 6h00 \u00e0 18h00 Samedi: 8h00 \u00e0 16h00 (Commer\u00e7ants) Dimanche: Ferm\u00e9<\/p>\n","protected":false},"author":1,"featured_media":0,"parent":519,"menu_order":0,"comment_status":"closed","ping_status":"closed","template":"","meta":{"footnotes":""},"_links":{"self":[{"href":"https:\/\/www.placeduportage.ca\/fr\/wp-json\/wp\/v2\/pages\/564"}],"collection":[{"href":"https:\/\/www.placeduportage.ca\/fr\/wp-json\/wp\/v2\/pages"}],"about":[{"href":"https:\/\/www.placeduportage.ca\/fr\/wp-json\/wp\/v2\/types\/page"}],"author":[{"embeddable":true,"href":"https:\/\/www.placeduportage.ca\/fr\/wp-json\/wp\/v2\/users\/1"}],"replies":[{"embeddable":true,"href":"https:\/\/www.placeduportage.ca\/fr\/wp-json\/wp\/v2\/comments?post=564"}],"version-history":[{"count":3,"href":"https:\/\/www.placeduportage.ca\/fr\/wp-json\/wp\/v2\/pages\/564\/revisions"}],"predecessor-version":[{"id":567,"href":"https:\/\/www.placeduportage.ca\/fr\/wp-json\/wp\/v2\/pages\/564\/revisions\/567"}],"up":[{"embeddable":true,"href":"https:\/\/www.placeduportage.ca\/fr\/wp-json\/wp\/v2\/pages\/519"}],"wp:attachment":[{"href":"https:\/\/www.placeduportage.ca\/fr\/wp-json\/wp\/v2\/media?parent=564"}],"curies":[{"name":"wp","href":"https:\/\/api.w.org\/{rel}","templated":true}]}}