{"id":568,"date":"2018-12-18T23:32:05","date_gmt":"2018-12-19T04:32:05","guid":{"rendered":"http:\/\/portagewp.mushudesign.com\/?page_id=568"},"modified":"2018-12-18T23:32:35","modified_gmt":"2018-12-19T04:32:35","slug":"emplacements-et-adresses","status":"publish","type":"page","link":"https:\/\/www.placeduportage.ca\/fr\/informations-generales\/emplacements-et-adresses\/","title":{"rendered":"Emplacements et adresses"},"content":{"rendered":"<h2 id=\"portage12\">Acc\u00e8s au complexe Place du Portage<\/h2>\n<p><strong>Portage I et II<\/strong> via rue Victoria<br \/>\n50, rue Victoria, Gatineau (Qu\u00e9bec) J8X 3X2<\/p>\n<p><strong>Portage III<\/strong> via rue Laurier et rue de Courcelette<br \/>\n11, rue Laurier, Gatineau (Qu\u00e9bec) J8X 4A6<\/p>\n<p><strong>Portage IV<\/strong> via rue Laurier et rue Promenade du Portage<br \/>\n150, rue Promenade du Portage, Gatineau (Qu\u00e9bec) J8X 2K3 \/<br \/>\n140, rue Promenade du Portage, Gatineau (Qu\u00e9bec) J8X 2K2<\/p>\n<p><strong>Place du centre<\/strong> via rue Promenade du Portage<br \/>\n200, rue Promenade du Portage, Gatineau (Qu\u00e9bec) J8X 4B7<\/p>\n<p>Pour un itin\u00e9raire routier d\u00e9taill\u00e9, visitez\u00a0<a href=\"https:\/\/maps.google.ca\/maps?q=complexe+place+du+portage&amp;hl=en&amp;ll=45.424977,-75.712581&amp;spn=0.006815,0.009645&amp;sll=45.425744,-75.713835&amp;sspn=0.001711,0.002411&amp;gl=ca&amp;hq=complexe+place+du+portage&amp;radius=15000&amp;t=m&amp;z=17\" target=\"blank\">Google Map<\/a><\/p>\n<h2>Acc\u00e8s au complexe Place du Portage par transport en commun<\/h2>\n<p>Pour de plus amples information, visitez le site de la\u00a0<a href=\"http:\/\/www.sto.ca\/\" target=\"blank\">STO<\/a><\/p>\n","protected":false},"excerpt":{"rendered":"<p>Acc\u00e8s au complexe Place du Portage Portage I et II via rue Victoria 50, rue Victoria, Gatineau (Qu\u00e9bec) J8X 3X2 Portage III via rue Laurier et rue de Courcelette 11, rue Laurier, Gatineau (Qu\u00e9bec) J8X 4A6 Portage IV via rue Laurier et rue Promenade du Portage 150, rue Promenade du Portage, Gatineau (Qu\u00e9bec) J8X 2K3 [&hellip;]<\/p>\n","protected":false},"author":1,"featured_media":0,"parent":519,"menu_order":0,"comment_status":"closed","ping_status":"closed","template":"","meta":{"footnotes":""},"_links":{"self":[{"href":"https:\/\/www.placeduportage.ca\/fr\/wp-json\/wp\/v2\/pages\/568"}],"collection":[{"href":"https:\/\/www.placeduportage.ca\/fr\/wp-json\/wp\/v2\/pages"}],"about":[{"href":"https:\/\/www.placeduportage.ca\/fr\/wp-json\/wp\/v2\/types\/page"}],"author":[{"embeddable":true,"href":"https:\/\/www.placeduportage.ca\/fr\/wp-json\/wp\/v2\/users\/1"}],"replies":[{"embeddable":true,"href":"https:\/\/www.placeduportage.ca\/fr\/wp-json\/wp\/v2\/comments?post=568"}],"version-history":[{"count":2,"href":"https:\/\/www.placeduportage.ca\/fr\/wp-json\/wp\/v2\/pages\/568\/revisions"}],"predecessor-version":[{"id":570,"href":"https:\/\/www.placeduportage.ca\/fr\/wp-json\/wp\/v2\/pages\/568\/revisions\/570"}],"up":[{"embeddable":true,"href":"https:\/\/www.placeduportage.ca\/fr\/wp-json\/wp\/v2\/pages\/519"}],"wp:attachment":[{"href":"https:\/\/www.placeduportage.ca\/fr\/wp-json\/wp\/v2\/media?parent=568"}],"curies":[{"name":"wp","href":"https:\/\/api.w.org\/{rel}","templated":true}]}}