{"id":588,"date":"2018-12-18T23:56:30","date_gmt":"2018-12-19T04:56:30","guid":{"rendered":"http:\/\/portagewp.mushudesign.com\/?page_id=588"},"modified":"2019-03-03T20:52:37","modified_gmt":"2019-03-04T01:52:37","slug":"tour-federale-de-place-du-centre","status":"publish","type":"page","link":"https:\/\/www.placeduportage.ca\/fr\/informations-generales\/histoire\/tour-federale-de-place-du-centre\/","title":{"rendered":"Tour f\u00e9d\u00e9rale de Place du Centre"},"content":{"rendered":"<h1>Tour f\u00e9d\u00e9rale de Place du Centre<\/h1>\n<p>Cadillac Fairview Limited a termin\u00e9 la construction des actifs de Place du Centre (commerces et bureaux) en 1977. Am\u00e9nagement Westcliffe Lt\u00e9e et Centre Commercial Manicouagan ont achet\u00e9s l\u2019\u00e9difice en 1985. La tour \u00e0 bureau avait un contrat d\u2019achat avec SPAC pour une dur\u00e9e initiale de 30 ans qui a expir\u00e9 en d\u00e9cembre 2008. Services publics et approvisionnement Canada (SPAC) avait l\u2019option d\u2019acheter l\u2019\u00e9difice et l\u2019a exerc\u00e9e; l\u2019\u00e9difice est maintenant consid\u00e9r\u00e9 comme un bien appartenant \u00e0 l\u2019\u00c9tat.<\/p>\n<p>Place du Centre poss\u00e8de neuf \u00e9tages d\u2019espaces \u00e0 bureau pour un total de 40,481m\u00b2 (utilisable) et 43,152m\u00b2 (louable) pour une plaque typique de sol de 3,960 m\u00b2. Le locataire principal est le minist\u00e8re des Affaires \u00e9trang\u00e8res, Commerce et D\u00e9veloppement Canada(AECDC), qui occupe les \u00e9tages cinq \u00e0 douze ainsi qu\u2019une partie du quatri\u00e8me \u00e9tage (totalisant environ 90% de l\u2019espace de la tour f\u00e9d\u00e9rale). Le Bureau de la s\u00e9curit\u00e9 des transports (BST) occupe l\u2019autre partie du quatri\u00e8me \u00e9tage, SPAC dispose \u00e9galement d\u2019un bureau d\u00e9di\u00e9 \u00e0 la traduction de l\u2019ACDI au huiti\u00e8me \u00e9tage. Am\u00e9nagement Westcliffe sous-loue une partie du troisi\u00e8me \u00e9tage et a acc\u00e8s au quai de chargement.\u00a0On\u00a0trouve dans la tour, une salle m\u00e9canique au dernier \u00e9tage (\u00ab\u00a0appentis\u00a0\u00bb), deux niveaux de sous-sol.<\/p>\n<p>La tour f\u00e9d\u00e9rale de Place du Centre est une structure de 12 \u00e9tages en b\u00e9ton arm\u00e9 de forme triangulaire, situ\u00e9e au 200, Promenade du Portage, Gatineau (secteur Hull) dans la partie de la R\u00e9gion Capitale Nationale au Qu\u00e9bec. La tour fait partie int\u00e9grante du portefeuille de bureaux interconnect\u00e9s connu sous Place du Portage. La tour f\u00e9d\u00e9rale est situ\u00e9e au-dessus de deux niveaux vibrants du centre commercial faisant partie de la m\u00eame entit\u00e9. Le complexe est \u00e9galement interconnect\u00e9 avec la Maison du Citoyen et le \u2018Palais des Congr\u00e8s\u2019.<\/p>\n","protected":false},"excerpt":{"rendered":"<p>Tour f\u00e9d\u00e9rale de Place du Centre Cadillac Fairview Limited a termin\u00e9 la construction des actifs de Place du Centre (commerces et bureaux) en 1977. Am\u00e9nagement Westcliffe Lt\u00e9e et Centre Commercial Manicouagan ont achet\u00e9s l\u2019\u00e9difice en 1985. La tour \u00e0 bureau avait un contrat d\u2019achat avec SPAC pour une dur\u00e9e initiale de 30 ans qui a [&hellip;]<\/p>\n","protected":false},"author":1,"featured_media":0,"parent":521,"menu_order":1000,"comment_status":"closed","ping_status":"closed","template":"","meta":{"footnotes":""},"_links":{"self":[{"href":"https:\/\/www.placeduportage.ca\/fr\/wp-json\/wp\/v2\/pages\/588"}],"collection":[{"href":"https:\/\/www.placeduportage.ca\/fr\/wp-json\/wp\/v2\/pages"}],"about":[{"href":"https:\/\/www.placeduportage.ca\/fr\/wp-json\/wp\/v2\/types\/page"}],"author":[{"embeddable":true,"href":"https:\/\/www.placeduportage.ca\/fr\/wp-json\/wp\/v2\/users\/1"}],"replies":[{"embeddable":true,"href":"https:\/\/www.placeduportage.ca\/fr\/wp-json\/wp\/v2\/comments?post=588"}],"version-history":[{"count":4,"href":"https:\/\/www.placeduportage.ca\/fr\/wp-json\/wp\/v2\/pages\/588\/revisions"}],"predecessor-version":[{"id":640,"href":"https:\/\/www.placeduportage.ca\/fr\/wp-json\/wp\/v2\/pages\/588\/revisions\/640"}],"up":[{"embeddable":true,"href":"https:\/\/www.placeduportage.ca\/fr\/wp-json\/wp\/v2\/pages\/521"}],"wp:attachment":[{"href":"https:\/\/www.placeduportage.ca\/fr\/wp-json\/wp\/v2\/media?parent=588"}],"curies":[{"name":"wp","href":"https:\/\/api.w.org\/{rel}","templated":true}]}}